{"id":209,"date":"2022-12-07T13:22:53","date_gmt":"2022-12-07T12:22:53","guid":{"rendered":"https:\/\/biscalab.org\/?page_id=209"},"modified":"2024-02-18T18:21:59","modified_gmt":"2024-02-18T17:21:59","slug":"fblab","status":"publish","type":"page","link":"https:\/\/biscalab.org\/index.php\/fblab\/","title":{"rendered":"F@bLab"},"content":{"rendered":"\n<p><strong>F@bLab :<\/strong><\/p>\n\n\n\n<p>Les FabLabs constituent un r\u00e9seau global de laboratoires locaux, stimulant l\u2019invention en donnant acc\u00e8s aux outils de fabrication digitale.<\/p>\n\n\n\n<p>Le <strong>F@bLab<\/strong> de Biscarrosse est un lieu o\u00f9 les technologies les plus pointues et vari\u00e9es sont mises au service des \u00e9changes, de la cr\u00e9ativit\u00e9 et de la r\u00e9alisation de projets.<\/p>\n\n\n\n<!--more-->\n\n\n\n<p>Ce n&rsquo;est pas un laboratoire de recherche, le F@bLab est un tiers-lieu o\u00f9 la p\u00e9dagogie par le faire prend tout son sens, o\u00f9 des projets de recherche pluridisciplinaires <a><\/a>peuvent se rencontrer, o\u00f9 les g\u00e9n\u00e9rations se croisent, faisant \u00e9voluer la relation entre ceux qui partagent et ceux qui apprennent.<\/p>\n\n\n\n<p>Cet espace est un lieu de r\u00e9flexion, de partage de ressources et de connaissances, d\u2019exp\u00e9rimentation, de prototypage, totalement d\u00e9cloisonn\u00e9 par son ouverture \u00e0 tous les usagers, aux habitants et aux entreprises.<\/p>\n\n\n\n<p>Concr\u00e8tement, on peut y cr\u00e9er des prototypes, des objets p\u00e9dagogiques, des outils pour ses projets ainsi qu\u2019y r\u00e9parer du mat\u00e9riel par l&rsquo;\u00e9lectronique ou la 3D. On peut \u00e9galement se former \u00e0 l\u2019utilisation des machines. Des ateliers participatifs peuvent avoir lieu. <strong><code>[calendar id=\"1043\"]<\/code><\/strong><\/p>\n","protected":false},"excerpt":{"rendered":"<p>F@bLab : Les FabLabs constituent un r\u00e9seau global de laboratoires locaux, stimulant l\u2019invention en donnant acc\u00e8s aux outils de fabrication digitale. Le F@bLab de Biscarrosse est un lieu o\u00f9 les technologies les plus pointues et vari\u00e9es sont mises au service des \u00e9changes, de la cr\u00e9ativit\u00e9 et de la r\u00e9alisation de projets.<\/p>\n","protected":false},"author":1,"featured_media":200,"parent":0,"menu_order":0,"comment_status":"closed","ping_status":"closed","template":"","meta":{"footnotes":""},"class_list":["post-209","page","type-page","status-publish","has-post-thumbnail","hentry"],"_links":{"self":[{"href":"https:\/\/biscalab.org\/index.php\/wp-json\/wp\/v2\/pages\/209","targetHints":{"allow":["GET"]}}],"collection":[{"href":"https:\/\/biscalab.org\/index.php\/wp-json\/wp\/v2\/pages"}],"about":[{"href":"https:\/\/biscalab.org\/index.php\/wp-json\/wp\/v2\/types\/page"}],"author":[{"embeddable":true,"href":"https:\/\/biscalab.org\/index.php\/wp-json\/wp\/v2\/users\/1"}],"replies":[{"embeddable":true,"href":"https:\/\/biscalab.org\/index.php\/wp-json\/wp\/v2\/comments?post=209"}],"version-history":[{"count":5,"href":"https:\/\/biscalab.org\/index.php\/wp-json\/wp\/v2\/pages\/209\/revisions"}],"predecessor-version":[{"id":1054,"href":"https:\/\/biscalab.org\/index.php\/wp-json\/wp\/v2\/pages\/209\/revisions\/1054"}],"wp:featuredmedia":[{"embeddable":true,"href":"https:\/\/biscalab.org\/index.php\/wp-json\/wp\/v2\/media\/200"}],"wp:attachment":[{"href":"https:\/\/biscalab.org\/index.php\/wp-json\/wp\/v2\/media?parent=209"}],"curies":[{"name":"wp","href":"https:\/\/api.w.org\/{rel}","templated":true}]}}